{"id":40,"date":"2018-03-13T04:31:50","date_gmt":"2018-03-13T04:31:50","guid":{"rendered":"http:\/\/agert.de\/?page_id=40"},"modified":"2024-11-21T13:54:00","modified_gmt":"2024-11-21T13:54:00","slug":"motorbike","status":"publish","type":"page","link":"https:\/\/agert.de\/?page_id=40","title":{"rendered":"Motorrad"},"content":{"rendered":"<p>F\u00fchrerschein 2010 in der <a href=\"https:\/\/www.fahrschule-karlheinz-maier.de\/ottobrunn\/\">Fahrschule Karlheinz Maier in Ottobrunn<\/a>.<br \/>\nAusbildung auf einer orangenen\u00a0<strong>Kawasaki ER6n<\/strong>.<\/p>\n<p>40.000 km auf einer wei\u00dfen\u00a0<strong>Kawasaki ER6n<\/strong> von <a href=\"http:\/\/www.rsi-performance.de\">RSI-Performance<\/a> in K\u00f6nigsdorf.<\/p>\n<p><img loading=\"lazy\" decoding=\"async\" class=\"size-medium wp-image-104 aligncenter\" src=\"https:\/\/agert.de\/wp-content\/uploads\/2018\/05\/Kesselberg-15.06.2012-131-300x200.jpg\" alt=\"\" width=\"300\" height=\"200\" srcset=\"https:\/\/agert.de\/wp-content\/uploads\/2018\/05\/Kesselberg-15.06.2012-131-300x200.jpg 300w, https:\/\/agert.de\/wp-content\/uploads\/2018\/05\/Kesselberg-15.06.2012-131-768x512.jpg 768w, https:\/\/agert.de\/wp-content\/uploads\/2018\/05\/Kesselberg-15.06.2012-131-1024x683.jpg 1024w, https:\/\/agert.de\/wp-content\/uploads\/2018\/05\/Kesselberg-15.06.2012-131-1240x827.jpg 1240w, https:\/\/agert.de\/wp-content\/uploads\/2018\/05\/Kesselberg-15.06.2012-131-508x339.jpg 508w\" sizes=\"auto, (max-width: 300px) 100vw, 300px\" \/><\/p>\n<p>25.000 km auf einer wei\u00dfen\u00a0<strong>Aprilia Shiver 750<\/strong>\u00a0von <a href=\"https:\/\/koerner-motobikes.de\">K\u00f6rner Motobikes<\/a> in Ottobrunn.<\/p>\n<p><img loading=\"lazy\" decoding=\"async\" class=\"wp-image-103 aligncenter\" src=\"https:\/\/agert.de\/wp-content\/uploads\/2018\/05\/IMG_0638-300x200.jpg\" alt=\"\" width=\"305\" height=\"203\" srcset=\"https:\/\/agert.de\/wp-content\/uploads\/2018\/05\/IMG_0638-300x200.jpg 300w, https:\/\/agert.de\/wp-content\/uploads\/2018\/05\/IMG_0638-768x512.jpg 768w, https:\/\/agert.de\/wp-content\/uploads\/2018\/05\/IMG_0638-1024x683.jpg 1024w, https:\/\/agert.de\/wp-content\/uploads\/2018\/05\/IMG_0638-1240x827.jpg 1240w, https:\/\/agert.de\/wp-content\/uploads\/2018\/05\/IMG_0638-508x339.jpg 508w\" sizes=\"auto, (max-width: 305px) 100vw, 305px\" \/><\/p>\n<p>46.700 km auf einer wei\u00dfen\u00a0<strong>Aprilia Tuono V4 APRC<\/strong> &#8211; inzwischen in den kompetenten H\u00e4nden von <a href=\"http:\/\/www.aprilia-gies.de\">Aprilia Gies in Brunnthal.<\/a><\/p>\n<p><img loading=\"lazy\" decoding=\"async\" class=\"wp-image-106 aligncenter\" src=\"https:\/\/agert.de\/wp-content\/uploads\/2018\/05\/IMG_0122-169x300.jpg\" alt=\"\" width=\"207\" height=\"368\" srcset=\"https:\/\/agert.de\/wp-content\/uploads\/2018\/05\/IMG_0122-169x300.jpg 169w, https:\/\/agert.de\/wp-content\/uploads\/2018\/05\/IMG_0122.jpg 768w, https:\/\/agert.de\/wp-content\/uploads\/2018\/05\/IMG_0122-576x1024.jpg 576w, https:\/\/agert.de\/wp-content\/uploads\/2018\/05\/IMG_0122-508x903.jpg 508w\" sizes=\"auto, (max-width: 207px) 100vw, 207px\" \/><\/p>\n<p>Als im Oktober 2018 im Radio &#8222;Ciao Bella, Ciao&#8220; lief trennten sich leider unsere Wege. Der 2. Motorschaden war einer zu viel. Sie wurde auf Kosten von Aprilia repariert. (<em>H\u00e4scht\u00e4g Garantieverl\u00e4ngerung<\/em>) Der Chris hat das klasse gemacht und viel Zeit investiert. Im M\u00e4rz freute sich ein neuer Aprilia Fahrer \u00fcber das &#8222;wirklich geile Bike&#8220; (Zitat). Aber wie immer im Leben sieht man sich 2x. \ud83d\ude09<\/p>\n<p>Im M\u00e4rz 2019 kam ein bayerisches M\u00e4del &#8230;<\/p>\n<p><img loading=\"lazy\" decoding=\"async\" class=\"aligncenter size-medium wp-image-156\" src=\"https:\/\/agert.de\/wp-content\/uploads\/2020\/01\/IMG_4221-e1580068766708-203x300.jpg\" alt=\"\" width=\"203\" height=\"300\" srcset=\"https:\/\/agert.de\/wp-content\/uploads\/2020\/01\/IMG_4221-e1580068766708-203x300.jpg 203w, https:\/\/agert.de\/wp-content\/uploads\/2020\/01\/IMG_4221-e1580068766708-768x1136.jpg 768w, https:\/\/agert.de\/wp-content\/uploads\/2020\/01\/IMG_4221-e1580068766708-693x1024.jpg 693w, https:\/\/agert.de\/wp-content\/uploads\/2020\/01\/IMG_4221-e1580068766708-1240x1834.jpg 1240w, https:\/\/agert.de\/wp-content\/uploads\/2020\/01\/IMG_4221-e1580068766708-508x751.jpg 508w, https:\/\/agert.de\/wp-content\/uploads\/2020\/01\/IMG_4221-e1580068766708.jpg 1713w\" sizes=\"auto, (max-width: 203px) 100vw, 203px\" \/><\/p>\n<p>&#8230; ich wollte die <strong>BMW S1000R<\/strong> ja Betti taufen. Ein Kind hat gemeint, dass das eine &#8222;Uschi&#8220; sei. \ud83d\ude09 Jedenfalls f\u00e4hrt sich die Uschi 1 ganz anders als die Tuono und ist sehr wendig, drehfreudig und ich h\u00e4tte es nie gedacht &#8211; so eine Griffheizung ist schon was feines.<\/p>\n<p><strong>Ja spinnt denn der? Wo f\u00e4hrt er denn die ganze Zeit?<\/strong><\/p>\n<p>Wir leben in einer echt sch\u00f6nen Gegend hier.<br \/>\nAber auch in \u00d6sterreich oder gar Italien ist es <em>ned schlecht<\/em>.<\/p>\n<p>Ja und wenn der Michi anf\u00e4ngt, die Uschis zu nummerieren, dann ist da vermutlich auch noch mehr&#8230; Der <a href=\"https:\/\/motorrad-martin.de\/index.php\/weyarn\/bmw-martin-weyarn\">Motorrad Martin in Weyarn<\/a> ist ein echt klasse Ansprechpartner wenn es um BMW-Motorr\u00e4der, Umbauten und Zubeh\u00f6r geht.<\/p>\n","protected":false},"excerpt":{"rendered":"<p>F\u00fchrerschein 2010 in der Fahrschule Karlheinz Maier in Ottobrunn. Ausbildung auf einer orangenen\u00a0Kawasaki ER6n. 40.000 km auf einer wei\u00dfen\u00a0Kawasaki ER6n von RSI-Performance in K\u00f6nigsdorf. 25.000 km auf einer wei\u00dfen\u00a0Aprilia Shiver 750\u00a0von K\u00f6rner Motobikes in Ottobrunn. 46.700 km auf einer wei\u00dfen\u00a0Aprilia Tuono V4 APRC &#8211; inzwischen in den kompetenten H\u00e4nden von Aprilia Gies in Brunnthal. Als [&hellip;]<\/p>\n","protected":false},"author":1,"featured_media":0,"parent":0,"menu_order":0,"comment_status":"closed","ping_status":"closed","template":"","meta":{"footnotes":""},"class_list":["post-40","page","type-page","status-publish","hentry"],"_links":{"self":[{"href":"https:\/\/agert.de\/index.php?rest_route=\/wp\/v2\/pages\/40","targetHints":{"allow":["GET"]}}],"collection":[{"href":"https:\/\/agert.de\/index.php?rest_route=\/wp\/v2\/pages"}],"about":[{"href":"https:\/\/agert.de\/index.php?rest_route=\/wp\/v2\/types\/page"}],"author":[{"embeddable":true,"href":"https:\/\/agert.de\/index.php?rest_route=\/wp\/v2\/users\/1"}],"replies":[{"embeddable":true,"href":"https:\/\/agert.de\/index.php?rest_route=%2Fwp%2Fv2%2Fcomments&post=40"}],"version-history":[{"count":11,"href":"https:\/\/agert.de\/index.php?rest_route=\/wp\/v2\/pages\/40\/revisions"}],"predecessor-version":[{"id":218,"href":"https:\/\/agert.de\/index.php?rest_route=\/wp\/v2\/pages\/40\/revisions\/218"}],"wp:attachment":[{"href":"https:\/\/agert.de\/index.php?rest_route=%2Fwp%2Fv2%2Fmedia&parent=40"}],"curies":[{"name":"wp","href":"https:\/\/api.w.org\/{rel}","templated":true}]}}