{"id":39,"date":"2018-03-13T04:31:50","date_gmt":"2018-03-13T04:31:50","guid":{"rendered":"http:\/\/agert.de\/?page_id=39"},"modified":"2025-06-01T15:08:37","modified_gmt":"2025-06-01T15:08:37","slug":"amateurfunk","status":"publish","type":"page","link":"https:\/\/agert.de\/?page_id=39","title":{"rendered":"Amateurfunk"},"content":{"rendered":"<p>In Oberbayern direkt auf <strong>144,725 MHz<\/strong> (2-Meter Band <strong>FM<\/strong>) oder via <strong>DMR, C4FM oder D-Star <\/strong>weltweit\u00a0<strong>digital<\/strong> erreichbar.<\/p>\n<p>Auch weltweit via SSB auf 10m, 11m, 15m und 20m <strong>Kurzwelle<\/strong> zu h\u00f6ren.<\/p>\n<p>Deutschlandweit auf \u00a080m (eher selten).<\/p>\n<p>Rufzeichen: <strong>DL1MBA<\/strong><\/p>\n<p><a href=\"https:\/\/www.darc.de\/home\/\">Darc OV C09<\/a><\/p>\n<p>Sehr gerne: <strong>QRP Betrieb<\/strong> mit einem <strong>Yaesu FT 817 oder einem Icom 705.<\/strong>\u00a0(5 Watt)<\/p>\n<p>QRP? Was ist denn das?<br \/>\nJa Leute, daheim im warmen Shack auf\u00b4s Kn\u00f6pfchen dr\u00fccken und mit den \u00fcblichen 100 Watt und idealerweise einem Beam auf dem Mast und einer noch sch\u00f6neren dicken R\u00f6hren-PA um die Welt kl\u00f6nen &#8211; das kann jeder.<\/p>\n<p>Anders schaut es aus, wenn man seine Sachen in einen Rucksack packt und sich auf den Weg macht. Rein gewichtstechnisch darf die Batterie nicht zu schwer \/ gro\u00df sein &#8211; das begrenzt schon mal die Leistung. Und das ist mit dem Begriff QRP gemeint. &#8222;Weniger ist mehr&#8220;. Die Ger\u00e4te sind deutlich kleiner und brauchen weniger Strom. Die Antenne wird behelfsm\u00e4\u00dfig mit GFK Masten oder an einem Baum aufgespannt &#8230; und tats\u00e4chlich &#8211; man kommt auch mit wenig Leistung um die ganze Welt.<\/p>\n<p>Ein weiterer Vorteil:<\/p>\n<p>Die Anlage ist ortsunabh\u00e4ngig und auch unabh\u00e4ngig von einer externen Stromversorgung. Der Funker sagt dazu <strong>portabel<\/strong>. \u00dcbrigens auch f\u00fcr <strong>Notfunkeins\u00e4tze<\/strong> geeignet.<\/p>\n","protected":false},"excerpt":{"rendered":"<p>In Oberbayern direkt auf 144,725 MHz (2-Meter Band FM) oder via DMR, C4FM oder D-Star weltweit\u00a0digital erreichbar. Auch weltweit via SSB auf 10m, 11m, 15m und 20m Kurzwelle zu h\u00f6ren. Deutschlandweit auf \u00a080m (eher selten). Rufzeichen: DL1MBA Darc OV C09 Sehr gerne: QRP Betrieb mit einem Yaesu FT 817 oder einem Icom 705.\u00a0(5 Watt) QRP? [&hellip;]<\/p>\n","protected":false},"author":1,"featured_media":0,"parent":0,"menu_order":0,"comment_status":"closed","ping_status":"closed","template":"","meta":{"footnotes":""},"class_list":["post-39","page","type-page","status-publish","hentry"],"_links":{"self":[{"href":"https:\/\/agert.de\/index.php?rest_route=\/wp\/v2\/pages\/39","targetHints":{"allow":["GET"]}}],"collection":[{"href":"https:\/\/agert.de\/index.php?rest_route=\/wp\/v2\/pages"}],"about":[{"href":"https:\/\/agert.de\/index.php?rest_route=\/wp\/v2\/types\/page"}],"author":[{"embeddable":true,"href":"https:\/\/agert.de\/index.php?rest_route=\/wp\/v2\/users\/1"}],"replies":[{"embeddable":true,"href":"https:\/\/agert.de\/index.php?rest_route=%2Fwp%2Fv2%2Fcomments&post=39"}],"version-history":[{"count":5,"href":"https:\/\/agert.de\/index.php?rest_route=\/wp\/v2\/pages\/39\/revisions"}],"predecessor-version":[{"id":225,"href":"https:\/\/agert.de\/index.php?rest_route=\/wp\/v2\/pages\/39\/revisions\/225"}],"wp:attachment":[{"href":"https:\/\/agert.de\/index.php?rest_route=%2Fwp%2Fv2%2Fmedia&parent=39"}],"curies":[{"name":"wp","href":"https:\/\/api.w.org\/{rel}","templated":true}]}}