{"id":37,"date":"2018-03-13T04:31:50","date_gmt":"2018-03-13T04:31:50","guid":{"rendered":"http:\/\/agert.de\/?page_id=37"},"modified":"2024-11-21T13:48:00","modified_gmt":"2024-11-21T13:48:00","slug":"photography","status":"publish","type":"page","link":"https:\/\/agert.de\/?page_id=37","title":{"rendered":"Fotografie"},"content":{"rendered":"<p>Im Studentenwohnheim ging das damals rum. Jeder fing das Fotografieren an. Mit Film und Dias.<\/p>\n<p>Wir kauften uns gebrauchte Spiegelreflexkameras von Canon. Meine war eine <strong>Eos 650<\/strong>. Schwer ohne Ende, und an Linsen haben wir damals auch alles m\u00f6gliche drangeschraubt.<\/p>\n<p>Der ersten Denkweise &#8211; bessere Kamera &#8211; bessere Bilder &#8211; folgte die Ern\u00fcchterung. Auf den Abz\u00fcgen sahen die Farben komisch aus und der Autofokus machte so ziemlich was er wollte.<\/p>\n<p>Besser wurde es mit gutem Filmmaterial, Dias, Festbrennweiten und einer EOS 50. So machten wir unz\u00e4hlige Fotos von allem, was uns vor die Linse kam. Und das mit den Dias war damals richtig teuer.<\/p>\n<p><strong>Wer schaut eigentlich noch Dias?<\/strong> Staubf\u00e4nger im Schrank!<\/p>\n<p>Highlight war der Fotokurs bzw. das Kunstsemiar an der Uni. Hier durften wir die Bilder in der Uni-eigenen Dunkelkammer entwickeln und die Ergebnisse waren wirklich &#8230; beeindruckend.<\/p>\n<p>Damals verp\u00f6nt &#8211; DIGITAL. Allerdings ist es ein Unterschied, ob man 5 Kilo Fotohardware oder ein 300g Sch\u00e4chtelchen mit auf eine Bergtour nimmt. So gewann schlie\u00dflich die kleine Digitalknipse die Oberhand und die analoge Kamera geriet in Vergessenheit. Diese ganzen iPhones tun ein \u00fcbriges &#8230;<\/p>\n<p>Letztes pack&#8216; ich die EOS 50 aus und stelle fest, dass sie von <strong>Plastikkrebs<\/strong> befallen ist &#8211; alles klebt. Angeblich br\u00e4chte Spiritus die L\u00f6sung &#8211; so das Internet &#8211; \u00a0leider nicht im Inneren des Plastiks. Es war so spr\u00f6de, dass ich die s\u00fcndteure Kamera (damals 650 DM &#8211; und das war noch echtes Geld!) entsorgen musste. Sehr schade!<\/p>\n<p>Ein kurzer Ausflug ins Crop-Format (<strong>EOS 400d<\/strong>) brachte mich fast zur Verzweiflung. Mechanisch passten zwar die alten Linsen, leider war jedes Bild vergr\u00f6\u00dfert.<span style=\"font-size: inherit;\">\u00a0Sind die Bilder besser als mit dem iPhone? Sicher. Ist das ganze praktischer? Ehrlich gesagt nein, aber ich mache dann halt einen Fotoausflug mit Fotorucksack &#8230;<\/span><\/p>\n<p>Den <strong>Lowepro Whistler BP 450<\/strong> kann ich empfehlen. Denn da passt echt alles rein.<\/p>\n<p><a href=\"https:\/\/youtu.be\/xqaXOA6yFwo\">Youtube Review from Adam<\/a><\/p>\n","protected":false},"excerpt":{"rendered":"<p>Im Studentenwohnheim ging das damals rum. Jeder fing das Fotografieren an. Mit Film und Dias. Wir kauften uns gebrauchte Spiegelreflexkameras von Canon. Meine war eine Eos 650. Schwer ohne Ende, und an Linsen haben wir damals auch alles m\u00f6gliche drangeschraubt. Der ersten Denkweise &#8211; bessere Kamera &#8211; bessere Bilder &#8211; folgte die Ern\u00fcchterung. Auf den [&hellip;]<\/p>\n","protected":false},"author":1,"featured_media":0,"parent":0,"menu_order":0,"comment_status":"closed","ping_status":"closed","template":"","meta":{"footnotes":""},"class_list":["post-37","page","type-page","status-publish","hentry"],"_links":{"self":[{"href":"https:\/\/agert.de\/index.php?rest_route=\/wp\/v2\/pages\/37","targetHints":{"allow":["GET"]}}],"collection":[{"href":"https:\/\/agert.de\/index.php?rest_route=\/wp\/v2\/pages"}],"about":[{"href":"https:\/\/agert.de\/index.php?rest_route=\/wp\/v2\/types\/page"}],"author":[{"embeddable":true,"href":"https:\/\/agert.de\/index.php?rest_route=\/wp\/v2\/users\/1"}],"replies":[{"embeddable":true,"href":"https:\/\/agert.de\/index.php?rest_route=%2Fwp%2Fv2%2Fcomments&post=37"}],"version-history":[{"count":6,"href":"https:\/\/agert.de\/index.php?rest_route=\/wp\/v2\/pages\/37\/revisions"}],"predecessor-version":[{"id":215,"href":"https:\/\/agert.de\/index.php?rest_route=\/wp\/v2\/pages\/37\/revisions\/215"}],"wp:attachment":[{"href":"https:\/\/agert.de\/index.php?rest_route=%2Fwp%2Fv2%2Fmedia&parent=37"}],"curies":[{"name":"wp","href":"https:\/\/api.w.org\/{rel}","templated":true}]}}