{"id":2,"date":"2016-05-10T03:48:21","date_gmt":"2016-05-10T03:48:21","guid":{"rendered":"http:\/\/agert.de\/?page_id=2"},"modified":"2022-10-25T12:00:03","modified_gmt":"2022-10-25T12:00:03","slug":"sample-page","status":"publish","type":"page","link":"https:\/\/agert.de\/?page_id=2","title":{"rendered":"Impressum"},"content":{"rendered":"<p><b>Impressum<\/b><\/p>\n<p><b><i>Anbieter: <\/i><\/b><\/p>\n<p>Michael Agert<br \/>\nLeuschnerstr. 33<\/p>\n<p>82008 Unterhaching<\/p>\n<p><b><i>Kontakt:<\/i><\/b><\/p>\n<p>Telefon: 089 \/ 618295<br \/>\ne-Mail: Michael@Agert.de<br \/>\nWebsite: www.agert.de<\/p>\n<p><b><i>Verantwortlich nach \u00a7 6 Abs.2 MDStV<\/i><\/b><\/p>\n<p>Michael Agert<br \/>\nLeuschnerstr. 33<\/p>\n<p>82008 Unterhaching<\/p>\n<p>S\u00e4mtliche Inhalte (Bilder)<\/p>\n<p>unterliegen dem Urheberrecht\u00a0\u00a9 2018 MBA.<\/p>\n<p><strong><em>Legales<\/em><\/strong><\/p>\n<p>Ich widerspreche ausdr\u00fccklich jeglichen Abmahnungen ohne vorhergehenden schriftlichen Kontakt an oben angegebene Adresse. Sollte der Inhalt oder die Aufmachung dieser Seiten wie auch immer geartete fremde Rechte, die Rechte Dritter oder gesetzliche Bestimmungen verletzen, so bitte ich um entsprechende schriftliche Hinweise <em>ohne<\/em> Kostennote. Ich garantiere, dass <em>zu recht<\/em> beanstandete Passagen und Komponenten unverz\u00fcglich von dieser Seite entfernt werden, so dass die Einschaltung eines Rechtsbeistandes nicht erforderlich ist.<\/p>\n<p>Bitte beachten sie:<br \/>\nOhne vorherige Kontaktaufnahme ausgel\u00f6ste Kosten werde ich vollumf\u00e4nglich zur\u00fcckweisen und gegebenenfalls eine Gegenklage wegen Verletzung der vorgenannten Bestimmungen einreichen.<\/p>\n<p><em><strong>Datenschutzgrundverordnung und Datenschutzerkl\u00e4rung<br \/>\ngem\u00e4\u00df DSGvO<\/strong><\/em><\/p>\n<p>Meine Internetseite wird von der<\/p>\n<p class=\"paragraph_style\">STRATO AG<br \/>\nPascalstra\u00dfe 10<br \/>\n10587 Berlin<\/p>\n<p>betrieben. Die von Ihnen im Rahmen des Besuchs unseres Webauftritts \u00fcbermittelten personenbezogenen Daten werden daher durch diesen Auftragsverarbeiter in meinem Auftrag verarbeitet.<\/p>\n<p class=\"paragraph_style\"><em><strong>Protokollierung<\/strong><\/em><\/p>\n<p class=\"paragraph_style\">Wenn Sie diese oder andere Internetseiten aufrufen, \u00fcbermitteln Sie \u00fcber Ihren Internetbrowser Daten an unseren Webserver. Die folgenden Daten werden w\u00e4hrend einer laufenden Verbindung zur Kommunikation zwischen Ihrem Internetbrowser und unserem Webserver aufgezeichnet:<\/p>\n<ul>\n<li class=\"paragraph_style\">Datum und Uhrzeit der Anforderung<\/li>\n<li class=\"paragraph_style\">Name der angeforderten Datei<\/li>\n<li class=\"paragraph_style\">Seite, von der aus die Datei angefordert wurde<\/li>\n<li class=\"paragraph_style\">Zugriffsstatus (Datei \u00fcbertragen, Datei nicht gefunden, etc.)<\/li>\n<li class=\"paragraph_style\">verwendete Internetbrowser und verwendetes Betriebssystem<\/li>\n<li class=\"paragraph_style\">vollst\u00e4ndige IP-Adresse des anfordernden Rechners<\/li>\n<li class=\"paragraph_style\">\u00fcbertragene Datenmenge.<\/li>\n<\/ul>\n<p class=\"paragraph_style\">Folgende Log-Daten werden beim Aufrufen der Website von der Strato AG erhoben: Kunden-Domain, Anonymisierte Client-IP, Request-Zeile, Timestamp, Status Code, Gr\u00f6\u00dfe des Response Bodies, Referer, der vom Client gesendet wurde, User Agent, der vom Client gesendet wurde, Remote User.<\/p>\n<p class=\"paragraph_style\">Aus Gr\u00fcnden der technischen Sicherheit, insbesondere zur Abwehr von Angriffsversuchen auf unseren Webserver, werden diese Daten von der Strato AG gespeichert. Nach sp\u00e4testens sieben Tagen werden die Daten durch Verk\u00fcrzung der IP-Adresse auf Domain-Ebene anonymisiert, so dass es nicht mehr m\u00f6glich ist, einen Bezug auf einzelne Nutzer herzustellen.<\/p>\n<p><strong>Ich kann als Kunde diese IP-Adressen jedoch ausschlie\u00dflich und dauerhaft nur anonymisiert einsehen.<\/strong><\/p>\n<p class=\"paragraph_style\">Wir verwenden <strong>keine<\/strong> aktiven Komponenten wie Javascript, Java-Applets oder Active-X-Controls.<\/p>\n<p>Auf dieser Website werden Fonts benutzt, welche durch von Strato bereitgestellte WorldPress Themes mit eingebunden werden. Diese k\u00f6nnen auch von Drittanbietern (z.B. Google Fonts) stammen. Auf die \u00dcbermittlung etwaiger Daten habe ich keinerlei Einfluss. Mit der Nutzung der Website erkl\u00e4ren Sie sich auch damit einverstanden, diese frei verf\u00fcgbaren Fonts zu nutzen.<\/p>\n<p class=\"paragraph_style\">Wir setzen und verwenden <strong>keine<\/strong> Cookies.<\/p>\n<p class=\"paragraph_style\"><strong>Programme zur Auswertung des Nutzerverhaltens werden von uns nicht eingesetzt.<\/strong><\/p>\n<p><strong>Datenschutzbeauftragter<\/strong> bin ich selber.<\/p>\n","protected":false},"excerpt":{"rendered":"<p>Impressum Anbieter: Michael Agert Leuschnerstr. 33 82008 Unterhaching Kontakt: Telefon: 089 \/ 618295 e-Mail: Michael@Agert.de Website: www.agert.de Verantwortlich nach \u00a7 6 Abs.2 MDStV Michael Agert Leuschnerstr. 33 82008 Unterhaching S\u00e4mtliche Inhalte (Bilder) unterliegen dem Urheberrecht\u00a0\u00a9 2018 MBA. Legales Ich widerspreche ausdr\u00fccklich jeglichen Abmahnungen ohne vorhergehenden schriftlichen Kontakt an oben angegebene Adresse. Sollte der Inhalt oder [&hellip;]<\/p>\n","protected":false},"author":1,"featured_media":32,"parent":0,"menu_order":0,"comment_status":"closed","ping_status":"open","template":"","meta":{"footnotes":""},"class_list":["post-2","page","type-page","status-publish","has-post-thumbnail","hentry"],"_links":{"self":[{"href":"https:\/\/agert.de\/index.php?rest_route=\/wp\/v2\/pages\/2","targetHints":{"allow":["GET"]}}],"collection":[{"href":"https:\/\/agert.de\/index.php?rest_route=\/wp\/v2\/pages"}],"about":[{"href":"https:\/\/agert.de\/index.php?rest_route=\/wp\/v2\/types\/page"}],"author":[{"embeddable":true,"href":"https:\/\/agert.de\/index.php?rest_route=\/wp\/v2\/users\/1"}],"replies":[{"embeddable":true,"href":"https:\/\/agert.de\/index.php?rest_route=%2Fwp%2Fv2%2Fcomments&post=2"}],"version-history":[{"count":9,"href":"https:\/\/agert.de\/index.php?rest_route=\/wp\/v2\/pages\/2\/revisions"}],"predecessor-version":[{"id":189,"href":"https:\/\/agert.de\/index.php?rest_route=\/wp\/v2\/pages\/2\/revisions\/189"}],"wp:featuredmedia":[{"embeddable":true,"href":"https:\/\/agert.de\/index.php?rest_route=\/wp\/v2\/media\/32"}],"wp:attachment":[{"href":"https:\/\/agert.de\/index.php?rest_route=%2Fwp%2Fv2%2Fmedia&parent=2"}],"curies":[{"name":"wp","href":"https:\/\/api.w.org\/{rel}","templated":true}]}}